{"id":1116,"date":"2021-06-07T14:58:53","date_gmt":"2021-06-07T14:58:53","guid":{"rendered":"http:\/\/christophcollenberg.de\/?page_id=1116"},"modified":"2024-03-25T20:37:55","modified_gmt":"2024-03-25T20:37:55","slug":"hund_und_katze-2","status":"publish","type":"page","link":"https:\/\/www.christophcollenberg.de\/?page_id=1116","title":{"rendered":"phono_Hund und Katze"},"content":{"rendered":"\t\t<div data-elementor-type=\"wp-page\" data-elementor-id=\"1116\" class=\"elementor elementor-1116\">\n\t\t\t\t\t\t<section class=\"elementor-section elementor-top-section elementor-element elementor-element-f29a3c7 elementor-section-boxed elementor-section-height-default elementor-section-height-default\" data-id=\"f29a3c7\" data-element_type=\"section\">\n\t\t\t\t\t\t<div class=\"elementor-container elementor-column-gap-default\">\n\t\t\t\t\t<div class=\"elementor-column elementor-col-100 elementor-top-column elementor-element elementor-element-6a65960\" data-id=\"6a65960\" data-element_type=\"column\">\n\t\t\t<div class=\"elementor-widget-wrap elementor-element-populated\">\n\t\t\t\t\t\t<div class=\"elementor-element elementor-element-384ce37 elementor-widget elementor-widget-spacer\" data-id=\"384ce37\" data-element_type=\"widget\" data-widget_type=\"spacer.default\">\n\t\t\t\t<div class=\"elementor-widget-container\">\n\t\t\t\t\t\t\t<div class=\"elementor-spacer\">\n\t\t\t<div class=\"elementor-spacer-inner\"><\/div>\n\t\t<\/div>\n\t\t\t\t\t\t<\/div>\n\t\t\t\t<\/div>\n\t\t\t\t\t<\/div>\n\t\t<\/div>\n\t\t\t\t\t<\/div>\n\t\t<\/section>\n\t\t\t\t<section class=\"elementor-section elementor-top-section elementor-element elementor-element-daee6d1 elementor-section-boxed elementor-section-height-default elementor-section-height-default\" data-id=\"daee6d1\" data-element_type=\"section\">\n\t\t\t\t\t\t<div class=\"elementor-container elementor-column-gap-default\">\n\t\t\t\t\t<div class=\"elementor-column elementor-col-100 elementor-top-column elementor-element elementor-element-faa2ca5\" data-id=\"faa2ca5\" data-element_type=\"column\">\n\t\t\t<div class=\"elementor-widget-wrap elementor-element-populated\">\n\t\t\t\t\t\t<div class=\"elementor-element elementor-element-8e51e42 elementor-widget elementor-widget-spacer\" data-id=\"8e51e42\" data-element_type=\"widget\" data-widget_type=\"spacer.default\">\n\t\t\t\t<div class=\"elementor-widget-container\">\n\t\t\t\t\t\t\t<div class=\"elementor-spacer\">\n\t\t\t<div class=\"elementor-spacer-inner\"><\/div>\n\t\t<\/div>\n\t\t\t\t\t\t<\/div>\n\t\t\t\t<\/div>\n\t\t\t\t\t<\/div>\n\t\t<\/div>\n\t\t\t\t\t<\/div>\n\t\t<\/section>\n\t\t\t\t<section class=\"elementor-section elementor-top-section elementor-element elementor-element-ae5e018 elementor-section-boxed elementor-section-height-default elementor-section-height-default\" data-id=\"ae5e018\" data-element_type=\"section\">\n\t\t\t\t\t\t<div class=\"elementor-container elementor-column-gap-default\">\n\t\t\t\t\t<div class=\"elementor-column elementor-col-100 elementor-top-column elementor-element elementor-element-564039a\" data-id=\"564039a\" data-element_type=\"column\">\n\t\t\t<div class=\"elementor-widget-wrap elementor-element-populated\">\n\t\t\t\t\t\t<section class=\"elementor-section elementor-inner-section elementor-element elementor-element-63689b1 elementor-section-boxed elementor-section-height-default elementor-section-height-default\" data-id=\"63689b1\" data-element_type=\"section\">\n\t\t\t\t\t\t<div class=\"elementor-container elementor-column-gap-default\">\n\t\t\t\t\t<div class=\"elementor-column elementor-col-50 elementor-inner-column elementor-element elementor-element-0408067\" data-id=\"0408067\" data-element_type=\"column\">\n\t\t\t<div class=\"elementor-widget-wrap elementor-element-populated\">\n\t\t\t\t\t\t<div class=\"elementor-element elementor-element-cd0dfc4 elementor-widget elementor-widget-image\" data-id=\"cd0dfc4\" data-element_type=\"widget\" data-widget_type=\"image.default\">\n\t\t\t\t<div class=\"elementor-widget-container\">\n\t\t\t\t\t\t\t\t\t\t\t\t\t\t\t<img fetchpriority=\"high\" decoding=\"async\" width=\"300\" height=\"179\" src=\"https:\/\/www.christophcollenberg.de\/wp-content\/uploads\/2021\/06\/Hund_und_Katze-300x179.jpg\" class=\"attachment-medium size-medium wp-image-975\" alt=\"\" srcset=\"https:\/\/www.christophcollenberg.de\/wp-content\/uploads\/2021\/06\/Hund_und_Katze-300x179.jpg 300w, https:\/\/www.christophcollenberg.de\/wp-content\/uploads\/2021\/06\/Hund_und_Katze-768x459.jpg 768w, https:\/\/www.christophcollenberg.de\/wp-content\/uploads\/2021\/06\/Hund_und_Katze.jpg 1020w\" sizes=\"(max-width: 300px) 100vw, 300px\" \/>\t\t\t\t\t\t\t\t\t\t\t\t\t\t\t<\/div>\n\t\t\t\t<\/div>\n\t\t\t\t\t<\/div>\n\t\t<\/div>\n\t\t\t\t<div class=\"elementor-column elementor-col-50 elementor-inner-column elementor-element elementor-element-0e78174\" data-id=\"0e78174\" data-element_type=\"column\">\n\t\t\t<div class=\"elementor-widget-wrap\">\n\t\t\t\t\t\t\t<\/div>\n\t\t<\/div>\n\t\t\t\t\t<\/div>\n\t\t<\/section>\n\t\t\t\t<div class=\"elementor-element elementor-element-224fca9 elementor-widget elementor-widget-heading\" data-id=\"224fca9\" data-element_type=\"widget\" data-widget_type=\"heading.default\">\n\t\t\t\t<div class=\"elementor-widget-container\">\n\t\t\t\t\t<h2 class=\"elementor-heading-title elementor-size-default\">Heimatfunde: Hund und Katze<\/h2>\t\t\t\t<\/div>\n\t\t\t\t<\/div>\n\t\t\t\t<div class=\"elementor-element elementor-element-0610813 elementor-widget elementor-widget-text-editor\" data-id=\"0610813\" data-element_type=\"widget\" data-widget_type=\"text-editor.default\">\n\t\t\t\t<div class=\"elementor-widget-container\">\n\t\t\t\t\t\t\t\t\t<p>&#8222;Wer sich der eigenen versch\u00fctteten Vergangenheit zu n\u00e4hern trachtet, muss sich verhalten wie ein Mann, der gr\u00e4bt. Vor allem darf er sich nicht scheuen, immer wieder auf einen und den selben Sachverhalt zur\u00fcckzukommen \u2013 ihn auszustreuen wie man Erde ausstreut, ihn umzuw\u00fchlen, wie man Erdreich umw\u00fchlt. Denn Sachverhalte sind nicht mehr als Schichten, die erst der sorgsamsten Durchforschung das ausliefern, um dessentwillen sich die Grabung lohnt.&#8220; <br \/>(Walter Benjamin, Erz\u00e4hlen, stw 1841)<\/p><p>Emma, der schwarze Cocker, gr\u00e4bt ein Loch &#8211; und l\u00e4sst sich dabei nicht von der Katze st\u00f6ren, die sich ihr n\u00e4hert, um ihr f\u00fcr eine Weile Gesellschaft zu leisten. Wahrscheinlich weiss Emma, dass die Katze keine echte Katze ist, sondern nur so aussieht &#8211; ein gro\u00dfes Mikrofon, das einen Fellmantel tr\u00e4gt. Das Ziel klar vor Augen, scharrt Emma in schwarzer Ruhrpotterde. Aber wonach genau gr\u00e4bt sie eigentlich so beharrlich? <br \/>Vielleicht, denkt sie sich, finde ich doch noch ein St\u00fcckchen Kohle &#8211; vielleicht will sie es nicht wahrhaben, dass das letzte bisschen Kohle der Region gerade erst hochoffiziell und feierlich zutage gef\u00f6rdert wurde. Vielleicht ist Emma eine Bodenexpertin, labt sich am Geruch von Grobkies, Mittelkies, Feinkies, Grobsand, Mittelsand und Feinsand, kann nicht genug bekommen von leichtem Schluff, von Mudde (und w\u00e4re sie erst tonig!) und Kohlenzerreibseln; nichtbindige, grusig geschichtete B\u00f6den machen sie ganz verr\u00fcckt, und auch vor schwerer Mei\u00dfelarbeit schreckt sie beim W\u00fchlen nicht zur\u00fcck.<br \/>Oder sucht Emma nach dem alten Schacht Charlotte, der vor Ewigkeiten im Grenzbereich zum s\u00fcdlichen Nachbargrundst\u00fcck im Einfallen des Fl\u00f6zes Wilhelm angelegt und dann vergessen wurde? Ahnt sie, dass sich der Schacht Charlotte bedrohlich dicht an ihrem Wohnhaus oder sogar darunter befindet? Ist Emma gar ein Sp\u00fcrhund f\u00fcr Bergsch\u00e4den? Trotz all ihrer Expertise bez\u00fcglich heimatlicher Bodenarten ist sie offenbar nicht dar\u00fcber informiert, dass der alte Schacht Charlotte schon gegen Ende der achtziger Jahre zwecks Bergsch\u00e4denbeseitigung mit gro\u00dfem Aufwand verf\u00fcllt wurde und dass die Gefahr l\u00e4ngst gebannt ist, sie sich also ganz unbesorgt dem Graben in der schwarzen Erde hingeben kann und ihr Wohnhaus sicher ist.<br \/>Oder sp\u00fcrt Emma versch\u00fctteten Geschichten zwischen den Schichten des Bodens nach? Wer wei\u00df, was sie ans Licht bringt &#8211; Beharrlichkeit legt sie beim leidenschaftlichen Umw\u00fchlen des Erdreichs jedenfalls an den Tag &#8211; und auf Neugierde und den Elan, mit dem man eine Sache vorw\u00e4rtsbringt, kommt es schlie\u00dflich an.<\/p><p>Grundlage des St\u00fccks \u201eHund und Katze\u201c ist eine nah geangelte Aufnahme eines grabenden Hundes; der Hund gr\u00e4bt auf dem Grundst\u00fcck eines Essener Wohnhauses, das Ende der Achtziger Jahre aufgrund von Bergsch\u00e4den akut einsturzgef\u00e4hrdet war. Umfangreiche Dokumente geben \u00fcber diese Gef\u00e4hrdung und \u00fcber die damals eingeleitete Bergsch\u00e4denbeseitigung Aufschluss, und eine Tabelle aus dem Fundus dieser Dokumente kategorisiert verschiedenste, im Zuge von Erkundungsbohrungen relevante Bodenqualit\u00e4ten. Die unbearbeitete Aufnahme des beharrlich scharrenden Hundes als akustisches Dokument und die erw\u00e4hnte Tabelle werden in \u201eHund und Katze\u201c zu einem reduzierten, lautpoetischen H\u00f6rdokument verschr\u00e4nkt.<\/p><p>Stimme: Rebecca Himmerich; Idee, Konzept, Realisation, O-Ton, Schnitt, Mischung: Christoph Collenberg; Autorenproduktion 2019 in Essen\/Ruhr und Frankfurt\/Main.<\/p><p>Ursendung 12\/2019 im Rahmen der <a href=\"https:\/\/www.hoerspielundfeature.de\/neue-autorenproduktionen-kurzstrecke-150.html\">Kurzstrecke #93<\/a> auf Deutschlandfunk.<\/p>\t\t\t\t\t\t\t\t<\/div>\n\t\t\t\t<\/div>\n\t\t\t\t<section class=\"elementor-section elementor-inner-section elementor-element elementor-element-1c5691a elementor-section-boxed elementor-section-height-default elementor-section-height-default\" data-id=\"1c5691a\" data-element_type=\"section\">\n\t\t\t\t\t\t<div class=\"elementor-container elementor-column-gap-default\">\n\t\t\t\t\t<div class=\"elementor-column elementor-col-50 elementor-inner-column elementor-element elementor-element-74e5ec2\" data-id=\"74e5ec2\" data-element_type=\"column\">\n\t\t\t<div class=\"elementor-widget-wrap elementor-element-populated\">\n\t\t\t\t\t\t<div class=\"elementor-element elementor-element-138388a elementor-widget elementor-widget-wp-widget-media_audio\" data-id=\"138388a\" data-element_type=\"widget\" data-widget_type=\"wp-widget-media_audio.default\">\n\t\t\t\t<div class=\"elementor-widget-container\">\n\t\t\t\t\t<!--[if lt IE 9]><script>document.createElement('audio');<\/script><![endif]-->\n<audio class=\"wp-audio-shortcode\" id=\"audio-1116-1\" preload=\"none\" style=\"width: 100%;\" controls=\"controls\"><source type=\"audio\/mpeg\" src=\"https:\/\/www.christophcollenberg.de\/wp-content\/uploads\/2021\/06\/Heimatfunde_Hund-und-Katze-final.mp3?_=1\" \/><source type=\"audio\/mpeg\" src=\"http:\/\/christophcollenberg.de\/wp-content\/uploads\/2021\/06\/Heimatfunde_Hund-und-Katze-final.mp3?_=1\" \/><a href=\"https:\/\/www.christophcollenberg.de\/wp-content\/uploads\/2021\/06\/Heimatfunde_Hund-und-Katze-final.mp3\">https:\/\/www.christophcollenberg.de\/wp-content\/uploads\/2021\/06\/Heimatfunde_Hund-und-Katze-final.mp3<\/a><\/audio>\t\t\t\t<\/div>\n\t\t\t\t<\/div>\n\t\t\t\t\t<\/div>\n\t\t<\/div>\n\t\t\t\t<div class=\"elementor-column elementor-col-50 elementor-inner-column elementor-element elementor-element-a076758\" data-id=\"a076758\" data-element_type=\"column\">\n\t\t\t<div class=\"elementor-widget-wrap\">\n\t\t\t\t\t\t\t<\/div>\n\t\t<\/div>\n\t\t\t\t\t<\/div>\n\t\t<\/section>\n\t\t\t\t\t<\/div>\n\t\t<\/div>\n\t\t\t\t\t<\/div>\n\t\t<\/section>\n\t\t\t\t<section class=\"elementor-section elementor-top-section elementor-element elementor-element-66184f4 elementor-section-boxed elementor-section-height-default elementor-section-height-default\" data-id=\"66184f4\" data-element_type=\"section\">\n\t\t\t\t\t\t<div class=\"elementor-container elementor-column-gap-default\">\n\t\t\t\t\t<div class=\"elementor-column elementor-col-100 elementor-top-column elementor-element elementor-element-e9cef7a\" data-id=\"e9cef7a\" data-element_type=\"column\">\n\t\t\t<div class=\"elementor-widget-wrap elementor-element-populated\">\n\t\t\t\t\t\t<div class=\"elementor-element elementor-element-a26f9ac elementor-widget elementor-widget-spacer\" data-id=\"a26f9ac\" data-element_type=\"widget\" data-widget_type=\"spacer.default\">\n\t\t\t\t<div class=\"elementor-widget-container\">\n\t\t\t\t\t\t\t<div class=\"elementor-spacer\">\n\t\t\t<div class=\"elementor-spacer-inner\"><\/div>\n\t\t<\/div>\n\t\t\t\t\t\t<\/div>\n\t\t\t\t<\/div>\n\t\t\t\t\t<\/div>\n\t\t<\/div>\n\t\t\t\t\t<\/div>\n\t\t<\/section>\n\t\t\t\t<\/div>\n\t\t","protected":false},"excerpt":{"rendered":"<p>Heimatfunde: Hund und Katze &#8222;Wer sich der eigenen versch\u00fctteten Vergangenheit zu n\u00e4hern trachtet, muss sich verhalten wie ein Mann, der gr\u00e4bt. Vor allem darf er sich nicht scheuen, immer wieder auf einen und den selben Sachverhalt zur\u00fcckzukommen \u2013 ihn auszustreuen wie man Erde ausstreut, ihn umzuw\u00fchlen, wie man Erdreich umw\u00fchlt. Denn Sachverhalte sind nicht mehr [&hellip;]<\/p>\n","protected":false},"author":1,"featured_media":0,"parent":0,"menu_order":0,"comment_status":"closed","ping_status":"closed","template":"","meta":{"site-sidebar-layout":"no-sidebar","site-content-layout":"page-builder","ast-site-content-layout":"default","site-content-style":"default","site-sidebar-style":"default","ast-global-header-display":"","ast-banner-title-visibility":"","ast-main-header-display":"","ast-hfb-above-header-display":"","ast-hfb-below-header-display":"","ast-hfb-mobile-header-display":"","site-post-title":"disabled","ast-breadcrumbs-content":"","ast-featured-img":"disabled","footer-sml-layout":"","ast-disable-related-posts":"","theme-transparent-header-meta":"enabled","adv-header-id-meta":"","stick-header-meta":"","header-above-stick-meta":"","header-main-stick-meta":"","header-below-stick-meta":"","astra-migrate-meta-layouts":"default","ast-page-background-enabled":"default","ast-page-background-meta":{"desktop":{"background-color":"","background-image":"","background-repeat":"repeat","background-position":"center center","background-size":"auto","background-attachment":"scroll","background-type":"","background-media":"","overlay-type":"","overlay-color":"","overlay-opacity":"","overlay-gradient":""},"tablet":{"background-color":"","background-image":"","background-repeat":"repeat","background-position":"center center","background-size":"auto","background-attachment":"scroll","background-type":"","background-media":"","overlay-type":"","overlay-color":"","overlay-opacity":"","overlay-gradient":""},"mobile":{"background-color":"","background-image":"","background-repeat":"repeat","background-position":"center center","background-size":"auto","background-attachment":"scroll","background-type":"","background-media":"","overlay-type":"","overlay-color":"","overlay-opacity":"","overlay-gradient":""}},"ast-content-background-meta":{"desktop":{"background-color":"var(--ast-global-color-5)","background-image":"","background-repeat":"repeat","background-position":"center center","background-size":"auto","background-attachment":"scroll","background-type":"","background-media":"","overlay-type":"","overlay-color":"","overlay-opacity":"","overlay-gradient":""},"tablet":{"background-color":"var(--ast-global-color-5)","background-image":"","background-repeat":"repeat","background-position":"center center","background-size":"auto","background-attachment":"scroll","background-type":"","background-media":"","overlay-type":"","overlay-color":"","overlay-opacity":"","overlay-gradient":""},"mobile":{"background-color":"var(--ast-global-color-5)","background-image":"","background-repeat":"repeat","background-position":"center center","background-size":"auto","background-attachment":"scroll","background-type":"","background-media":"","overlay-type":"","overlay-color":"","overlay-opacity":"","overlay-gradient":""}},"footnotes":""},"_links":{"self":[{"href":"https:\/\/www.christophcollenberg.de\/index.php?rest_route=\/wp\/v2\/pages\/1116"}],"collection":[{"href":"https:\/\/www.christophcollenberg.de\/index.php?rest_route=\/wp\/v2\/pages"}],"about":[{"href":"https:\/\/www.christophcollenberg.de\/index.php?rest_route=\/wp\/v2\/types\/page"}],"author":[{"embeddable":true,"href":"https:\/\/www.christophcollenberg.de\/index.php?rest_route=\/wp\/v2\/users\/1"}],"replies":[{"embeddable":true,"href":"https:\/\/www.christophcollenberg.de\/index.php?rest_route=%2Fwp%2Fv2%2Fcomments&post=1116"}],"version-history":[{"count":33,"href":"https:\/\/www.christophcollenberg.de\/index.php?rest_route=\/wp\/v2\/pages\/1116\/revisions"}],"predecessor-version":[{"id":3183,"href":"https:\/\/www.christophcollenberg.de\/index.php?rest_route=\/wp\/v2\/pages\/1116\/revisions\/3183"}],"wp:attachment":[{"href":"https:\/\/www.christophcollenberg.de\/index.php?rest_route=%2Fwp%2Fv2%2Fmedia&parent=1116"}],"curies":[{"name":"wp","href":"https:\/\/api.w.org\/{rel}","templated":true}]}}