{"id":1138,"date":"2021-06-07T15:15:16","date_gmt":"2021-06-07T15:15:16","guid":{"rendered":"http:\/\/christophcollenberg.de\/?page_id=1138"},"modified":"2024-03-25T20:36:15","modified_gmt":"2024-03-25T20:36:15","slug":"sv1866","status":"publish","type":"page","link":"https:\/\/www.christophcollenberg.de\/?page_id=1138","title":{"rendered":"phono_SV1866"},"content":{"rendered":"\t\t<div data-elementor-type=\"wp-page\" data-elementor-id=\"1138\" class=\"elementor elementor-1138\">\n\t\t\t\t\t\t<section class=\"elementor-section elementor-top-section elementor-element elementor-element-5712603 elementor-section-boxed elementor-section-height-default elementor-section-height-default\" data-id=\"5712603\" data-element_type=\"section\">\n\t\t\t\t\t\t<div class=\"elementor-container elementor-column-gap-default\">\n\t\t\t\t\t<div class=\"elementor-column elementor-col-100 elementor-top-column elementor-element elementor-element-4816137\" data-id=\"4816137\" data-element_type=\"column\">\n\t\t\t<div class=\"elementor-widget-wrap elementor-element-populated\">\n\t\t\t\t\t\t<div class=\"elementor-element elementor-element-e48df33 elementor-widget elementor-widget-spacer\" data-id=\"e48df33\" data-element_type=\"widget\" data-widget_type=\"spacer.default\">\n\t\t\t\t<div class=\"elementor-widget-container\">\n\t\t\t\t\t\t\t<div class=\"elementor-spacer\">\n\t\t\t<div class=\"elementor-spacer-inner\"><\/div>\n\t\t<\/div>\n\t\t\t\t\t\t<\/div>\n\t\t\t\t<\/div>\n\t\t\t\t\t<\/div>\n\t\t<\/div>\n\t\t\t\t\t<\/div>\n\t\t<\/section>\n\t\t\t\t<section class=\"elementor-section elementor-top-section elementor-element elementor-element-3ca08d4 elementor-section-boxed elementor-section-height-default elementor-section-height-default\" data-id=\"3ca08d4\" data-element_type=\"section\">\n\t\t\t\t\t\t<div class=\"elementor-container elementor-column-gap-default\">\n\t\t\t\t\t<div class=\"elementor-column elementor-col-100 elementor-top-column elementor-element elementor-element-d6f358f\" data-id=\"d6f358f\" data-element_type=\"column\">\n\t\t\t<div class=\"elementor-widget-wrap elementor-element-populated\">\n\t\t\t\t\t\t<div class=\"elementor-element elementor-element-241f3ea elementor-widget elementor-widget-spacer\" data-id=\"241f3ea\" data-element_type=\"widget\" data-widget_type=\"spacer.default\">\n\t\t\t\t<div class=\"elementor-widget-container\">\n\t\t\t\t\t\t\t<div class=\"elementor-spacer\">\n\t\t\t<div class=\"elementor-spacer-inner\"><\/div>\n\t\t<\/div>\n\t\t\t\t\t\t<\/div>\n\t\t\t\t<\/div>\n\t\t\t\t\t<\/div>\n\t\t<\/div>\n\t\t\t\t\t<\/div>\n\t\t<\/section>\n\t\t\t\t<section class=\"elementor-section elementor-top-section elementor-element elementor-element-373ee8e elementor-section-boxed elementor-section-height-default elementor-section-height-default\" data-id=\"373ee8e\" data-element_type=\"section\">\n\t\t\t\t\t\t<div class=\"elementor-container elementor-column-gap-default\">\n\t\t\t\t\t<div class=\"elementor-column elementor-col-100 elementor-top-column elementor-element elementor-element-ebc5243\" data-id=\"ebc5243\" data-element_type=\"column\">\n\t\t\t<div class=\"elementor-widget-wrap elementor-element-populated\">\n\t\t\t\t\t\t<section class=\"elementor-section elementor-inner-section elementor-element elementor-element-8a2694c elementor-section-boxed elementor-section-height-default elementor-section-height-default\" data-id=\"8a2694c\" data-element_type=\"section\">\n\t\t\t\t\t\t<div class=\"elementor-container elementor-column-gap-default\">\n\t\t\t\t\t<div class=\"elementor-column elementor-col-50 elementor-inner-column elementor-element elementor-element-95a88ad\" data-id=\"95a88ad\" data-element_type=\"column\">\n\t\t\t<div class=\"elementor-widget-wrap elementor-element-populated\">\n\t\t\t\t\t\t<div class=\"elementor-element elementor-element-c28143b elementor-widget elementor-widget-image\" data-id=\"c28143b\" data-element_type=\"widget\" data-widget_type=\"image.default\">\n\t\t\t\t<div class=\"elementor-widget-container\">\n\t\t\t\t\t\t\t\t\t\t\t\t\t\t\t<img fetchpriority=\"high\" decoding=\"async\" width=\"300\" height=\"179\" src=\"https:\/\/www.christophcollenberg.de\/wp-content\/uploads\/2021\/06\/SV_1866_Stimmgabel-300x179.jpg\" class=\"attachment-medium size-medium wp-image-972\" alt=\"\" srcset=\"https:\/\/www.christophcollenberg.de\/wp-content\/uploads\/2021\/06\/SV_1866_Stimmgabel-300x179.jpg 300w, https:\/\/www.christophcollenberg.de\/wp-content\/uploads\/2021\/06\/SV_1866_Stimmgabel-768x459.jpg 768w, https:\/\/www.christophcollenberg.de\/wp-content\/uploads\/2021\/06\/SV_1866_Stimmgabel.jpg 1020w\" sizes=\"(max-width: 300px) 100vw, 300px\" \/>\t\t\t\t\t\t\t\t\t\t\t\t\t\t\t<\/div>\n\t\t\t\t<\/div>\n\t\t\t\t\t<\/div>\n\t\t<\/div>\n\t\t\t\t<div class=\"elementor-column elementor-col-50 elementor-inner-column elementor-element elementor-element-753d271\" data-id=\"753d271\" data-element_type=\"column\">\n\t\t\t<div class=\"elementor-widget-wrap\">\n\t\t\t\t\t\t\t<\/div>\n\t\t<\/div>\n\t\t\t\t\t<\/div>\n\t\t<\/section>\n\t\t\t\t<div class=\"elementor-element elementor-element-1d2cc42 elementor-widget elementor-widget-heading\" data-id=\"1d2cc42\" data-element_type=\"widget\" data-widget_type=\"heading.default\">\n\t\t\t\t<div class=\"elementor-widget-container\">\n\t\t\t\t\t<h2 class=\"elementor-heading-title elementor-size-default\">Heimatfunde:\nSa\u0308ngervereinigung 1866 \u2013 eine Chorcollage<\/h2>\t\t\t\t<\/div>\n\t\t\t\t<\/div>\n\t\t\t\t<div class=\"elementor-element elementor-element-f2cd39d elementor-widget elementor-widget-text-editor\" data-id=\"f2cd39d\" data-element_type=\"widget\" data-widget_type=\"text-editor.default\">\n\t\t\t\t<div class=\"elementor-widget-container\">\n\t\t\t\t\t\t\t\t\t<div class=\"page\" title=\"Page 1\"><div class=\"layoutArea\"><div class=\"column\"><p>Essen Burgaltendorf. Risse an der Fassade des Elternhauses. Der Vater bleibt ruhig \u2013 stoisch schreibt er der Berggewerkschaftskasse, la\u0308sst Gutachten einholen, Suchbohrungen durchfu\u0308hren: Wo verlaufen die vergessenen Scha\u0308chte unter dem Haus, die dafu\u0308r sorgen, dass die Erde nicht mehr tra\u0308gt?<br \/>Der Vater macht sich auf den Weg. Chorprobe, jeden Mittwochabend in der Kneipe im Ort. Im Kegelsaal erinnern alte Fotografien an vor Jahrzehnten gewonnene Chorwettbewerbe. Die Ma\u0308nner ertragen kollektiv das Altern, trotzen dem Nachwuchsmangel, den Rissen der Zeit.<br \/>Ihre Beharrlichkeit beru\u0308hrt. Fast sehnsuchtsvoll blicken wir auf ein Leben im Zerfall, das doch nicht bricht. Wir blicken auf unser eigenes Leben, auf unsere Zerrissenheiten. Letztlich finden wir Trost in den Bru\u0308chen. Verfall hin oder her: Die Thermodynamik tro\u0308stet, weil Energie nicht verlorengeht. Behutsam legen wir Hand an ein Material, das stolz, aufrecht, zart und bru\u0308chig ist und fu\u0308gen anhand der Sollbruchstellen ein neues Werk zusammen.<br \/>Der Versuch einer fragmentarischen Heimatmusik.<\/p><p>Autorenproduktion Christoph Collenberg und Chris Erkal 2019 auf der Basis eines Probenmitschnitts der Sa\u0308ngervereinigung 1866 in Essen-Burgaltendorf (Leitung Axel Quast).<\/p><p>Nominiert f\u00fcr den Sound Cinema D\u00fcsseldorf 2020. Ursendung 02\/2022 im Rahmen der DLF <a href=\"https:\/\/www.hoerspielundfeature.de\/kurzstrecke-119-100.html\">Kurzstrecke #119<\/a>.<\/p><p><a href=\"https:\/\/o-ton.online\/hintergruende\/o-ton-duesseldorf-sound-cinema-zerban-200130\/\">Rezension von Michael S. Zerban<\/a> im Rahmen des Sound Cinema D\u00fcsseldorf 2020: &#8222;[&#8230;] Das eindeutig beste St\u00fcck des Abends liefern Christoph Collenberg und Chris Erkal ab. Heimatkunde [sic]: S\u00e4ngervereinigung 1866 erz\u00e4hlt in collagierter Form ein St\u00fcck Tradition im Ruhrgebiet. Da werden die Folgen des Bergbaus in Form einst\u00fcrzender H\u00e4user der Tradition eines M\u00e4nnergesangsvereins gegen\u00fcbergestellt. Den Autoren gelingt dabei nicht nur, das Typische eines Probenabends herauszusch\u00e4len, sondern auch, mit h\u00e4mmernden, d\u00fcsteren Rhythmen die Bedrohung des Idylls herauszuarbeiten. Spannend, abwechslungsreich, kurzweilig, pointiert, handwerklich hervorragend gearbeitet, kurzum: Gro\u00dfartig [&#8230;]&#8220;<\/p><\/div><\/div><\/div>\t\t\t\t\t\t\t\t<\/div>\n\t\t\t\t<\/div>\n\t\t\t\t<section class=\"elementor-section elementor-inner-section elementor-element elementor-element-51a4b9e elementor-section-boxed elementor-section-height-default elementor-section-height-default\" data-id=\"51a4b9e\" data-element_type=\"section\">\n\t\t\t\t\t\t<div class=\"elementor-container elementor-column-gap-default\">\n\t\t\t\t\t<div class=\"elementor-column elementor-col-50 elementor-inner-column elementor-element elementor-element-73a268a\" data-id=\"73a268a\" data-element_type=\"column\">\n\t\t\t<div class=\"elementor-widget-wrap elementor-element-populated\">\n\t\t\t\t\t\t<div class=\"elementor-element elementor-element-dcf93e1 elementor-widget elementor-widget-wp-widget-media_audio\" data-id=\"dcf93e1\" data-element_type=\"widget\" data-widget_type=\"wp-widget-media_audio.default\">\n\t\t\t\t<div class=\"elementor-widget-container\">\n\t\t\t\t\t<!--[if lt IE 9]><script>document.createElement('audio');<\/script><![endif]-->\n<audio class=\"wp-audio-shortcode\" id=\"audio-1138-1\" preload=\"none\" style=\"width: 100%;\" controls=\"controls\"><source type=\"audio\/mpeg\" src=\"https:\/\/www.christophcollenberg.de\/wp-content\/uploads\/2021\/06\/SV-1866_Chorcollage.mp3?_=1\" \/><source type=\"audio\/mpeg\" src=\"http:\/\/christophcollenberg.de\/wp-content\/uploads\/2021\/06\/SV-1866_Chorcollage.mp3?_=1\" \/><a href=\"https:\/\/www.christophcollenberg.de\/wp-content\/uploads\/2021\/06\/SV-1866_Chorcollage.mp3\">https:\/\/www.christophcollenberg.de\/wp-content\/uploads\/2021\/06\/SV-1866_Chorcollage.mp3<\/a><\/audio>\t\t\t\t<\/div>\n\t\t\t\t<\/div>\n\t\t\t\t\t<\/div>\n\t\t<\/div>\n\t\t\t\t<div class=\"elementor-column elementor-col-50 elementor-inner-column elementor-element elementor-element-1196304\" data-id=\"1196304\" data-element_type=\"column\">\n\t\t\t<div class=\"elementor-widget-wrap\">\n\t\t\t\t\t\t\t<\/div>\n\t\t<\/div>\n\t\t\t\t\t<\/div>\n\t\t<\/section>\n\t\t\t\t\t<\/div>\n\t\t<\/div>\n\t\t\t\t\t<\/div>\n\t\t<\/section>\n\t\t\t\t<section class=\"elementor-section elementor-top-section elementor-element elementor-element-83ded39 elementor-section-boxed elementor-section-height-default elementor-section-height-default\" data-id=\"83ded39\" data-element_type=\"section\">\n\t\t\t\t\t\t<div class=\"elementor-container elementor-column-gap-default\">\n\t\t\t\t\t<div class=\"elementor-column elementor-col-100 elementor-top-column elementor-element elementor-element-9751094\" data-id=\"9751094\" data-element_type=\"column\">\n\t\t\t<div class=\"elementor-widget-wrap elementor-element-populated\">\n\t\t\t\t\t\t<div class=\"elementor-element elementor-element-25edbbf elementor-widget elementor-widget-spacer\" data-id=\"25edbbf\" data-element_type=\"widget\" data-widget_type=\"spacer.default\">\n\t\t\t\t<div class=\"elementor-widget-container\">\n\t\t\t\t\t\t\t<div class=\"elementor-spacer\">\n\t\t\t<div class=\"elementor-spacer-inner\"><\/div>\n\t\t<\/div>\n\t\t\t\t\t\t<\/div>\n\t\t\t\t<\/div>\n\t\t\t\t\t<\/div>\n\t\t<\/div>\n\t\t\t\t\t<\/div>\n\t\t<\/section>\n\t\t\t\t<\/div>\n\t\t","protected":false},"excerpt":{"rendered":"<p>Heimatfunde: Sa\u0308ngervereinigung 1866 \u2013 eine Chorcollage Essen Burgaltendorf. Risse an der Fassade des Elternhauses. Der Vater bleibt ruhig \u2013 stoisch schreibt er der Berggewerkschaftskasse, la\u0308sst Gutachten einholen, Suchbohrungen durchfu\u0308hren: Wo verlaufen die vergessenen Scha\u0308chte unter dem Haus, die dafu\u0308r sorgen, dass die Erde nicht mehr tra\u0308gt?Der Vater macht sich auf den Weg. Chorprobe, jeden Mittwochabend [&hellip;]<\/p>\n","protected":false},"author":1,"featured_media":0,"parent":0,"menu_order":0,"comment_status":"closed","ping_status":"closed","template":"","meta":{"site-sidebar-layout":"no-sidebar","site-content-layout":"page-builder","ast-site-content-layout":"default","site-content-style":"default","site-sidebar-style":"default","ast-global-header-display":"","ast-banner-title-visibility":"","ast-main-header-display":"","ast-hfb-above-header-display":"","ast-hfb-below-header-display":"","ast-hfb-mobile-header-display":"","site-post-title":"disabled","ast-breadcrumbs-content":"","ast-featured-img":"disabled","footer-sml-layout":"","ast-disable-related-posts":"","theme-transparent-header-meta":"enabled","adv-header-id-meta":"","stick-header-meta":"","header-above-stick-meta":"","header-main-stick-meta":"","header-below-stick-meta":"","astra-migrate-meta-layouts":"default","ast-page-background-enabled":"default","ast-page-background-meta":{"desktop":{"background-color":"","background-image":"","background-repeat":"repeat","background-position":"center center","background-size":"auto","background-attachment":"scroll","background-type":"","background-media":"","overlay-type":"","overlay-color":"","overlay-opacity":"","overlay-gradient":""},"tablet":{"background-color":"","background-image":"","background-repeat":"repeat","background-position":"center center","background-size":"auto","background-attachment":"scroll","background-type":"","background-media":"","overlay-type":"","overlay-color":"","overlay-opacity":"","overlay-gradient":""},"mobile":{"background-color":"","background-image":"","background-repeat":"repeat","background-position":"center center","background-size":"auto","background-attachment":"scroll","background-type":"","background-media":"","overlay-type":"","overlay-color":"","overlay-opacity":"","overlay-gradient":""}},"ast-content-background-meta":{"desktop":{"background-color":"var(--ast-global-color-5)","background-image":"","background-repeat":"repeat","background-position":"center center","background-size":"auto","background-attachment":"scroll","background-type":"","background-media":"","overlay-type":"","overlay-color":"","overlay-opacity":"","overlay-gradient":""},"tablet":{"background-color":"var(--ast-global-color-5)","background-image":"","background-repeat":"repeat","background-position":"center center","background-size":"auto","background-attachment":"scroll","background-type":"","background-media":"","overlay-type":"","overlay-color":"","overlay-opacity":"","overlay-gradient":""},"mobile":{"background-color":"var(--ast-global-color-5)","background-image":"","background-repeat":"repeat","background-position":"center center","background-size":"auto","background-attachment":"scroll","background-type":"","background-media":"","overlay-type":"","overlay-color":"","overlay-opacity":"","overlay-gradient":""}},"footnotes":""},"_links":{"self":[{"href":"https:\/\/www.christophcollenberg.de\/index.php?rest_route=\/wp\/v2\/pages\/1138"}],"collection":[{"href":"https:\/\/www.christophcollenberg.de\/index.php?rest_route=\/wp\/v2\/pages"}],"about":[{"href":"https:\/\/www.christophcollenberg.de\/index.php?rest_route=\/wp\/v2\/types\/page"}],"author":[{"embeddable":true,"href":"https:\/\/www.christophcollenberg.de\/index.php?rest_route=\/wp\/v2\/users\/1"}],"replies":[{"embeddable":true,"href":"https:\/\/www.christophcollenberg.de\/index.php?rest_route=%2Fwp%2Fv2%2Fcomments&post=1138"}],"version-history":[{"count":56,"href":"https:\/\/www.christophcollenberg.de\/index.php?rest_route=\/wp\/v2\/pages\/1138\/revisions"}],"predecessor-version":[{"id":3180,"href":"https:\/\/www.christophcollenberg.de\/index.php?rest_route=\/wp\/v2\/pages\/1138\/revisions\/3180"}],"wp:attachment":[{"href":"https:\/\/www.christophcollenberg.de\/index.php?rest_route=%2Fwp%2Fv2%2Fmedia&parent=1138"}],"curies":[{"name":"wp","href":"https:\/\/api.w.org\/{rel}","templated":true}]}}