{"id":1634,"date":"2021-06-10T16:19:15","date_gmt":"2021-06-10T16:19:15","guid":{"rendered":"http:\/\/christophcollenberg.de\/?page_id=1634"},"modified":"2024-04-24T19:50:19","modified_gmt":"2024-04-24T19:50:19","slug":"text_datengluck","status":"publish","type":"page","link":"https:\/\/www.christophcollenberg.de\/?page_id=1634","title":{"rendered":"text_datengluck"},"content":{"rendered":"\t\t<div data-elementor-type=\"wp-page\" data-elementor-id=\"1634\" class=\"elementor elementor-1634\">\n\t\t\t\t\t\t<section class=\"elementor-section elementor-top-section elementor-element elementor-element-1d78e3f elementor-section-boxed elementor-section-height-default elementor-section-height-default\" data-id=\"1d78e3f\" data-element_type=\"section\">\n\t\t\t\t\t\t<div class=\"elementor-container elementor-column-gap-default\">\n\t\t\t\t\t<div class=\"elementor-column elementor-col-100 elementor-top-column elementor-element elementor-element-fc5535a\" data-id=\"fc5535a\" data-element_type=\"column\">\n\t\t\t<div class=\"elementor-widget-wrap elementor-element-populated\">\n\t\t\t\t\t\t<div class=\"elementor-element elementor-element-da38c5a elementor-widget elementor-widget-spacer\" data-id=\"da38c5a\" data-element_type=\"widget\" data-widget_type=\"spacer.default\">\n\t\t\t\t<div class=\"elementor-widget-container\">\n\t\t\t\t\t\t\t<div class=\"elementor-spacer\">\n\t\t\t<div class=\"elementor-spacer-inner\"><\/div>\n\t\t<\/div>\n\t\t\t\t\t\t<\/div>\n\t\t\t\t<\/div>\n\t\t\t\t\t<\/div>\n\t\t<\/div>\n\t\t\t\t\t<\/div>\n\t\t<\/section>\n\t\t\t\t<section class=\"elementor-section elementor-top-section elementor-element elementor-element-0661542 elementor-section-boxed elementor-section-height-default elementor-section-height-default\" data-id=\"0661542\" data-element_type=\"section\">\n\t\t\t\t\t\t<div class=\"elementor-container elementor-column-gap-default\">\n\t\t\t\t\t<div class=\"elementor-column elementor-col-100 elementor-top-column elementor-element elementor-element-9e5e55f\" data-id=\"9e5e55f\" data-element_type=\"column\">\n\t\t\t<div class=\"elementor-widget-wrap elementor-element-populated\">\n\t\t\t\t\t\t<div class=\"elementor-element elementor-element-8fc92db elementor-widget elementor-widget-spacer\" data-id=\"8fc92db\" data-element_type=\"widget\" data-widget_type=\"spacer.default\">\n\t\t\t\t<div class=\"elementor-widget-container\">\n\t\t\t\t\t\t\t<div class=\"elementor-spacer\">\n\t\t\t<div class=\"elementor-spacer-inner\"><\/div>\n\t\t<\/div>\n\t\t\t\t\t\t<\/div>\n\t\t\t\t<\/div>\n\t\t\t\t\t<\/div>\n\t\t<\/div>\n\t\t\t\t\t<\/div>\n\t\t<\/section>\n\t\t\t\t<section class=\"elementor-section elementor-top-section elementor-element elementor-element-b8a7d77 elementor-section-boxed elementor-section-height-default elementor-section-height-default\" data-id=\"b8a7d77\" data-element_type=\"section\">\n\t\t\t\t\t\t<div class=\"elementor-container elementor-column-gap-default\">\n\t\t\t\t\t<div class=\"elementor-column elementor-col-50 elementor-top-column elementor-element elementor-element-f87fb8e\" data-id=\"f87fb8e\" data-element_type=\"column\">\n\t\t\t<div class=\"elementor-widget-wrap elementor-element-populated\">\n\t\t\t\t\t\t<div class=\"elementor-element elementor-element-1124e70 elementor-widget elementor-widget-image\" data-id=\"1124e70\" data-element_type=\"widget\" data-widget_type=\"image.default\">\n\t\t\t\t<div class=\"elementor-widget-container\">\n\t\t\t\t\t\t\t\t\t\t\t\t\t\t\t<img fetchpriority=\"high\" decoding=\"async\" width=\"300\" height=\"179\" src=\"https:\/\/www.christophcollenberg.de\/wp-content\/uploads\/2021\/06\/datenglu\u0308ck_website-300x179.jpg\" class=\"attachment-medium size-medium wp-image-1817\" alt=\"\" srcset=\"https:\/\/www.christophcollenberg.de\/wp-content\/uploads\/2021\/06\/datenglu\u0308ck_website-300x179.jpg 300w, https:\/\/www.christophcollenberg.de\/wp-content\/uploads\/2021\/06\/datenglu\u0308ck_website-768x459.jpg 768w, https:\/\/www.christophcollenberg.de\/wp-content\/uploads\/2021\/06\/datenglu\u0308ck_website.jpg 1020w\" sizes=\"(max-width: 300px) 100vw, 300px\" \/>\t\t\t\t\t\t\t\t\t\t\t\t\t\t\t<\/div>\n\t\t\t\t<\/div>\n\t\t\t\t\t<\/div>\n\t\t<\/div>\n\t\t\t\t<div class=\"elementor-column elementor-col-50 elementor-top-column elementor-element elementor-element-8466348\" data-id=\"8466348\" data-element_type=\"column\">\n\t\t\t<div class=\"elementor-widget-wrap\">\n\t\t\t\t\t\t\t<\/div>\n\t\t<\/div>\n\t\t\t\t\t<\/div>\n\t\t<\/section>\n\t\t\t\t<section class=\"elementor-section elementor-top-section elementor-element elementor-element-4513cb9 elementor-section-boxed elementor-section-height-default elementor-section-height-default\" data-id=\"4513cb9\" data-element_type=\"section\">\n\t\t\t\t\t\t<div class=\"elementor-container elementor-column-gap-default\">\n\t\t\t\t\t<div class=\"elementor-column elementor-col-100 elementor-top-column elementor-element elementor-element-bcd40ba\" data-id=\"bcd40ba\" data-element_type=\"column\">\n\t\t\t<div class=\"elementor-widget-wrap elementor-element-populated\">\n\t\t\t\t\t\t<div class=\"elementor-element elementor-element-a6e26b6 elementor-widget elementor-widget-heading\" data-id=\"a6e26b6\" data-element_type=\"widget\" data-widget_type=\"heading.default\">\n\t\t\t\t<div class=\"elementor-widget-container\">\n\t\t\t\t\t<h2 class=\"elementor-heading-title elementor-size-default\">datengl\u00fcck<\/h2>\t\t\t\t<\/div>\n\t\t\t\t<\/div>\n\t\t\t\t<div class=\"elementor-element elementor-element-db55f22 elementor-widget elementor-widget-text-editor\" data-id=\"db55f22\" data-element_type=\"widget\" data-widget_type=\"text-editor.default\">\n\t\t\t\t<div class=\"elementor-widget-container\">\n\t\t\t\t\t\t\t\t\t<p>ein neues Schreiben <br \/>wenig<br \/>\u2028gerade genug\u2028<br \/>will ich <br \/>Schreibe\u2028<br \/>nur ein paar Zeilen<\/p><div class=\"page\" title=\"Page 1\"><div class=\"layoutArea\"><div class=\"column\"><p>Eine umfangreiche <a href=\"http:\/\/datenglueck.de\/sammlung_1_feldpost\/\" data-wplink-edit=\"true\">Briefsammlung aus der Zeit von 1941 bis 1945<\/a> erz\u00e4hlt von Krieg, Schutzhaft, \u00dcberlebenskampf, Verlust. Wie ein Schatz wird die Sammlung der Familie Schramm\u00a0 aus Essen\u2013Stadtwald jahrzehntelang gehegt und aufgehoben. Sie geht von einer Generation \u00fcber an die n\u00e4chste und ver\u00e4ndert ihre Form, wird mehrmals abgeschrieben, durch pers\u00f6nliche Erinnerungen und gesammelte Dokumente erg\u00e4nzt und sortiert. Inhaltlich oszilliert sie zwischen Verstrickung in kollektive T\u00e4terschaft und Leid durch politische Verfolgung. Einen Pol der vorliegenden Sammlung bilden Berichte von Albert Schramm, dem Urgro\u00dfvater Christoph Collenbergs, \u00fcber seine \u201eSchutzhaft\u201c durch die Nationalsozialisten. Den Anderen bilden Erichs Feldpostbriefe und Schilderungen von eigenen Kampfhandlungen als Wehrmachtssoldat.<br \/>datengl\u00fcck (477 Seiten) ist eine digitale Neufassung der vollst\u00e4ndigen Briefsammlung (ca. 200 Briefe) und eine Iteration der \u00dcberlieferung. Es erforscht transformatives Erinnern mittels Ab\u2013, Um\u2013 und Neuschreibens und denkt Schreibpraxis als empathische Aneignung und pers\u00f6nliche Begegnung: Ich betrachte und lese eine Briefseite nach der n\u00e4chsten wie ein Gesicht. Briefe werden konserviert, kondensiert, dekonstruiert, invertiert oder transponiert. Dabei entstehen gleicherma\u00dfen Texte wie Bilder\/Figuren\/Muster \u2013 oder: Skulpturen, die verschiedene Rezeptionsmodi erlauben. datengl\u00fcck denkt den Erinnerungsprozess als (Re)konstruktion und vollzieht den \u00dcbergang vom Erfahrungsged\u00e4chtnis ins kulturelle Ged\u00e4chtnis k\u00fcnstlerisch nach. Im Erneut\u2013Schreiben suche ich das Gespr\u00e4ch mit dem Brief und deren VerfasserInnen und werde von ihnen heimgesucht. Die Erinnerung des Briefes wird meine eigene. Genauso schreibe ich dem Brief meine eigene Erinnerung ein. datengl\u00fcck ist eine rotierende Blaupause f\u00fcr Krieg mit aus heutiger Perspektive erschreckender Aktualit\u00e4t. Die ProtagonistInnen in datengl\u00fcck denken schreibend nach, b\u00e4umen sich gegen das Vergessen und das Vergessenwerden auf und erfahren nach und nach ihre eigene Transformation.<\/p><div class=\"page\" title=\"Page 3\"><div class=\"layoutArea\"><div class=\"column\"><p>datenglu\u0308ck \/ Technische Beschreibung<br \/>Die Sammlung wurde zuerst digital abgeschrieben und in InDesign gesetzt. Im Anschluss wurde jeder gesetzte Brief aus InDesign als .tif exportiert, seitenweise in Photoshop selektiv gewei\u00dft, und anschlie\u00dfend zu einem pdf\u2013Dokument kompiliert. <br \/>datengl\u00fcck wurde als interaktive Installation am Institut f\u00fcr Musik und Medien pr\u00e4sentiert, liegt au\u00dferdem in gedruckter Form als Kleinstauflage vor und ist <a href=\"http:\/\/datenglueck.de\">\u00fcber eine Website<\/a> einzusehen. Ein Exemplar wurde 2020 auf der OPEN_PUBLIC Buchmesse\/Hallraum Worringer Platz in D\u00fcsseldorf ausgestellt.<\/p><\/div><\/div><\/div><\/div><\/div><\/div>\t\t\t\t\t\t\t\t<\/div>\n\t\t\t\t<\/div>\n\t\t\t\t\t<\/div>\n\t\t<\/div>\n\t\t\t\t\t<\/div>\n\t\t<\/section>\n\t\t\t\t<section class=\"elementor-section elementor-top-section elementor-element elementor-element-2c0630d elementor-section-boxed elementor-section-height-default elementor-section-height-default\" data-id=\"2c0630d\" data-element_type=\"section\">\n\t\t\t\t\t\t<div class=\"elementor-container elementor-column-gap-default\">\n\t\t\t\t\t<div class=\"elementor-column elementor-col-100 elementor-top-column elementor-element elementor-element-278c6aa\" data-id=\"278c6aa\" data-element_type=\"column\">\n\t\t\t<div class=\"elementor-widget-wrap elementor-element-populated\">\n\t\t\t\t\t\t<div class=\"elementor-element elementor-element-5d45b09 elementor-widget elementor-widget-spacer\" data-id=\"5d45b09\" data-element_type=\"widget\" data-widget_type=\"spacer.default\">\n\t\t\t\t<div class=\"elementor-widget-container\">\n\t\t\t\t\t\t\t<div class=\"elementor-spacer\">\n\t\t\t<div class=\"elementor-spacer-inner\"><\/div>\n\t\t<\/div>\n\t\t\t\t\t\t<\/div>\n\t\t\t\t<\/div>\n\t\t\t\t\t<\/div>\n\t\t<\/div>\n\t\t\t\t\t<\/div>\n\t\t<\/section>\n\t\t\t\t<section class=\"elementor-section elementor-top-section elementor-element elementor-element-1280d48 elementor-section-boxed elementor-section-height-default elementor-section-height-default\" data-id=\"1280d48\" data-element_type=\"section\">\n\t\t\t\t\t\t<div class=\"elementor-container elementor-column-gap-default\">\n\t\t\t\t\t<div class=\"elementor-column elementor-col-50 elementor-top-column elementor-element elementor-element-44c5fff\" data-id=\"44c5fff\" data-element_type=\"column\">\n\t\t\t<div class=\"elementor-widget-wrap elementor-element-populated\">\n\t\t\t\t\t\t<div class=\"elementor-element elementor-element-c26d07f elementor-widget elementor-widget-heading\" data-id=\"c26d07f\" data-element_type=\"widget\" data-widget_type=\"heading.default\">\n\t\t\t\t<div class=\"elementor-widget-container\">\n\t\t\t\t\t<h2 class=\"elementor-heading-title elementor-size-default\">datengl\u00fcck als PDF<\/h2>\t\t\t\t<\/div>\n\t\t\t\t<\/div>\n\t\t\t\t<div class=\"elementor-element elementor-element-8227e73 elementor-widget elementor-widget-text-editor\" data-id=\"8227e73\" data-element_type=\"widget\" data-widget_type=\"text-editor.default\">\n\t\t\t\t<div class=\"elementor-widget-container\">\n\t\t\t\t\t\t\t\t\t<p>Bedienung: Pfeiltasten L\/R dr\u00fccken oder gedr\u00fcckt halten und beliebig loslassen; Klick links oder rechts auf Bild.<\/p>\t\t\t\t\t\t\t\t<\/div>\n\t\t\t\t<\/div>\n\t\t\t\t\t<\/div>\n\t\t<\/div>\n\t\t\t\t<div class=\"elementor-column elementor-col-50 elementor-top-column elementor-element elementor-element-9767940\" data-id=\"9767940\" data-element_type=\"column\">\n\t\t\t<div class=\"elementor-widget-wrap elementor-element-populated\">\n\t\t\t\t\t\t\t<\/div>\n\t\t<\/div>\n\t\t\t\t\t<\/div>\n\t\t<\/section>\n\t\t\t\t<section class=\"elementor-section elementor-top-section elementor-element elementor-element-59efc5e elementor-section-boxed elementor-section-height-default elementor-section-height-default\" data-id=\"59efc5e\" data-element_type=\"section\">\n\t\t\t\t\t\t<div class=\"elementor-container elementor-column-gap-default\">\n\t\t\t\t\t<div class=\"elementor-column elementor-col-100 elementor-top-column elementor-element elementor-element-8a21923\" data-id=\"8a21923\" data-element_type=\"column\">\n\t\t\t<div class=\"elementor-widget-wrap elementor-element-populated\">\n\t\t\t\t\t\t<div class=\"elementor-element elementor-element-47ca12b elementor-widget elementor-widget-spacer\" data-id=\"47ca12b\" data-element_type=\"widget\" data-widget_type=\"spacer.default\">\n\t\t\t\t<div class=\"elementor-widget-container\">\n\t\t\t\t\t\t\t<div class=\"elementor-spacer\">\n\t\t\t<div class=\"elementor-spacer-inner\"><\/div>\n\t\t<\/div>\n\t\t\t\t\t\t<\/div>\n\t\t\t\t<\/div>\n\t\t\t\t\t<\/div>\n\t\t<\/div>\n\t\t\t\t\t<\/div>\n\t\t<\/section>\n\t\t\t\t<section class=\"elementor-section elementor-top-section elementor-element elementor-element-73be4d9 elementor-section-boxed elementor-section-height-default elementor-section-height-default\" data-id=\"73be4d9\" data-element_type=\"section\">\n\t\t\t\t\t\t<div class=\"elementor-container elementor-column-gap-default\">\n\t\t\t\t\t<div class=\"elementor-column elementor-col-50 elementor-top-column elementor-element elementor-element-d641ac6\" data-id=\"d641ac6\" data-element_type=\"column\">\n\t\t\t<div class=\"elementor-widget-wrap\">\n\t\t\t\t\t\t\t<\/div>\n\t\t<\/div>\n\t\t\t\t<div class=\"elementor-column elementor-col-50 elementor-top-column elementor-element elementor-element-19b31a4\" data-id=\"19b31a4\" data-element_type=\"column\">\n\t\t\t<div class=\"elementor-widget-wrap elementor-element-populated\">\n\t\t\t\t\t\t<div class=\"elementor-element elementor-element-be35177 elementor-widget elementor-widget-heading\" data-id=\"be35177\" data-element_type=\"widget\" data-widget_type=\"heading.default\">\n\t\t\t\t<div class=\"elementor-widget-container\">\n\t\t\t\t\t<h2 class=\"elementor-heading-title elementor-size-default\">datengl\u00fcck als Videoinstallation    <\/h2>\t\t\t\t<\/div>\n\t\t\t\t<\/div>\n\t\t\t\t\t<\/div>\n\t\t<\/div>\n\t\t\t\t\t<\/div>\n\t\t<\/section>\n\t\t\t\t<section class=\"elementor-section elementor-top-section elementor-element elementor-element-2826217 elementor-section-boxed elementor-section-height-default elementor-section-height-default\" data-id=\"2826217\" data-element_type=\"section\">\n\t\t\t\t\t\t<div class=\"elementor-container elementor-column-gap-default\">\n\t\t\t\t\t<div class=\"elementor-column elementor-col-50 elementor-top-column elementor-element elementor-element-271c0fd\" data-id=\"271c0fd\" data-element_type=\"column\">\n\t\t\t<div class=\"elementor-widget-wrap elementor-element-populated\">\n\t\t\t\t\t\t<div class=\"elementor-element elementor-element-9515985 elementor-widget elementor-widget-video\" data-id=\"9515985\" data-element_type=\"widget\" data-settings=\"{&quot;video_type&quot;:&quot;vimeo&quot;}\" data-widget_type=\"video.default\">\n\t\t\t\t<div class=\"elementor-widget-container\">\n\t\t\t\t\t\t\t<div class=\"elementor-wrapper elementor-open-inline\">\n\t\t\t<iframe class=\"elementor-video-iframe\" allowfullscreen allow=\"clipboard-write\" title=\"vimeo Video Player\" src=\"https:\/\/player.vimeo.com\/video\/392719110?color&amp;autopause=0&amp;loop=0&amp;muted=0&amp;title=0&amp;portrait=0&amp;byline=0#t=\"><\/iframe>\t\t<\/div>\n\t\t\t\t\t\t<\/div>\n\t\t\t\t<\/div>\n\t\t\t\t\t<\/div>\n\t\t<\/div>\n\t\t\t\t<div class=\"elementor-column elementor-col-50 elementor-top-column elementor-element elementor-element-95f8714\" data-id=\"95f8714\" data-element_type=\"column\">\n\t\t\t<div class=\"elementor-widget-wrap elementor-element-populated\">\n\t\t\t\t\t\t<div class=\"elementor-element elementor-element-4b29c90 elementor-widget elementor-widget-text-editor\" data-id=\"4b29c90\" data-element_type=\"widget\" data-widget_type=\"text-editor.default\">\n\t\t\t\t<div class=\"elementor-widget-container\">\n\t\t\t\t\t\t\t\t\t<p>pr\u00e4sentiert am Institut f\u00fcr Musik und Medien D\u00fcsseldorf am 6.2.2020.<br \/>Das pdf\u2013Dokument (477 Seiten) la\u0308uft per html\u2013Slide Show im Loop und wird auf eine Leinwand projiziert. Die Projektion ist interaktiv. U\u0308ber eine Tastatur ko\u0308nnen folgende Parameter individuell justiert werden, wodurch verschiedene Lesarten mo\u0308glich werden: Geschwindigkeit erho\u0308hen\/reduzieren, Loop anhalten\/fortsetzen, eine Seite vorbla\u0308ttern\/eine Seite zuru\u0308ckbla\u0308ttern.<\/p><div class=\"page\" title=\"Page 2\"><div class=\"layoutArea\"><div class=\"column\"><p>Mo\u0308gliche Lesemodi der Videoinstallation sind unter anderem: einen Punkt fixieren; die Augen zusammenkneifen und Formen betrachten; zufa\u0308llig die Slide Show anhalten und stichprobenartig lesen \u2013 von links oben nach rechts unten, kontraintuitiv u\u0308ber die Seite wandernd; Seite fu\u0308r Seite lesend vor\u2013 oder ru\u0308ckwa\u0308rts bla\u0308ttern.<\/p><\/div><\/div><\/div>\t\t\t\t\t\t\t\t<\/div>\n\t\t\t\t<\/div>\n\t\t\t\t\t<\/div>\n\t\t<\/div>\n\t\t\t\t\t<\/div>\n\t\t<\/section>\n\t\t\t\t<section class=\"elementor-section elementor-top-section elementor-element elementor-element-b96eb50 elementor-section-boxed elementor-section-height-default elementor-section-height-default\" data-id=\"b96eb50\" data-element_type=\"section\">\n\t\t\t\t\t\t<div class=\"elementor-container elementor-column-gap-default\">\n\t\t\t\t\t<div class=\"elementor-column elementor-col-100 elementor-top-column elementor-element elementor-element-72b0ea8\" data-id=\"72b0ea8\" data-element_type=\"column\">\n\t\t\t<div class=\"elementor-widget-wrap elementor-element-populated\">\n\t\t\t\t\t\t<div class=\"elementor-element elementor-element-5d718bc elementor-widget elementor-widget-spacer\" data-id=\"5d718bc\" data-element_type=\"widget\" data-widget_type=\"spacer.default\">\n\t\t\t\t<div class=\"elementor-widget-container\">\n\t\t\t\t\t\t\t<div class=\"elementor-spacer\">\n\t\t\t<div class=\"elementor-spacer-inner\"><\/div>\n\t\t<\/div>\n\t\t\t\t\t\t<\/div>\n\t\t\t\t<\/div>\n\t\t\t\t\t<\/div>\n\t\t<\/div>\n\t\t\t\t\t<\/div>\n\t\t<\/section>\n\t\t\t\t<\/div>\n\t\t","protected":false},"excerpt":{"rendered":"<p>datengl\u00fcck ein neues Schreiben wenig\u2028gerade genug\u2028will ich Schreibe\u2028nur ein paar Zeilen Eine umfangreiche Briefsammlung aus der Zeit von 1941 bis 1945 erz\u00e4hlt von Krieg, Schutzhaft, \u00dcberlebenskampf, Verlust. Wie ein Schatz wird die Sammlung der Familie Schramm\u00a0 aus Essen\u2013Stadtwald jahrzehntelang gehegt und aufgehoben. Sie geht von einer Generation \u00fcber an die n\u00e4chste und ver\u00e4ndert ihre Form, [&hellip;]<\/p>\n","protected":false},"author":1,"featured_media":0,"parent":0,"menu_order":0,"comment_status":"closed","ping_status":"closed","template":"","meta":{"site-sidebar-layout":"no-sidebar","site-content-layout":"page-builder","ast-site-content-layout":"default","site-content-style":"default","site-sidebar-style":"default","ast-global-header-display":"","ast-banner-title-visibility":"","ast-main-header-display":"","ast-hfb-above-header-display":"","ast-hfb-below-header-display":"","ast-hfb-mobile-header-display":"","site-post-title":"disabled","ast-breadcrumbs-content":"","ast-featured-img":"disabled","footer-sml-layout":"","ast-disable-related-posts":"","theme-transparent-header-meta":"enabled","adv-header-id-meta":"","stick-header-meta":"","header-above-stick-meta":"","header-main-stick-meta":"","header-below-stick-meta":"","astra-migrate-meta-layouts":"default","ast-page-background-enabled":"default","ast-page-background-meta":{"desktop":{"background-color":"","background-image":"","background-repeat":"repeat","background-position":"center center","background-size":"auto","background-attachment":"scroll","background-type":"","background-media":"","overlay-type":"","overlay-color":"","overlay-opacity":"","overlay-gradient":""},"tablet":{"background-color":"","background-image":"","background-repeat":"repeat","background-position":"center center","background-size":"auto","background-attachment":"scroll","background-type":"","background-media":"","overlay-type":"","overlay-color":"","overlay-opacity":"","overlay-gradient":""},"mobile":{"background-color":"","background-image":"","background-repeat":"repeat","background-position":"center center","background-size":"auto","background-attachment":"scroll","background-type":"","background-media":"","overlay-type":"","overlay-color":"","overlay-opacity":"","overlay-gradient":""}},"ast-content-background-meta":{"desktop":{"background-color":"var(--ast-global-color-5)","background-image":"","background-repeat":"repeat","background-position":"center center","background-size":"auto","background-attachment":"scroll","background-type":"","background-media":"","overlay-type":"","overlay-color":"","overlay-opacity":"","overlay-gradient":""},"tablet":{"background-color":"var(--ast-global-color-5)","background-image":"","background-repeat":"repeat","background-position":"center center","background-size":"auto","background-attachment":"scroll","background-type":"","background-media":"","overlay-type":"","overlay-color":"","overlay-opacity":"","overlay-gradient":""},"mobile":{"background-color":"var(--ast-global-color-5)","background-image":"","background-repeat":"repeat","background-position":"center center","background-size":"auto","background-attachment":"scroll","background-type":"","background-media":"","overlay-type":"","overlay-color":"","overlay-opacity":"","overlay-gradient":""}},"footnotes":""},"_links":{"self":[{"href":"https:\/\/www.christophcollenberg.de\/index.php?rest_route=\/wp\/v2\/pages\/1634"}],"collection":[{"href":"https:\/\/www.christophcollenberg.de\/index.php?rest_route=\/wp\/v2\/pages"}],"about":[{"href":"https:\/\/www.christophcollenberg.de\/index.php?rest_route=\/wp\/v2\/types\/page"}],"author":[{"embeddable":true,"href":"https:\/\/www.christophcollenberg.de\/index.php?rest_route=\/wp\/v2\/users\/1"}],"replies":[{"embeddable":true,"href":"https:\/\/www.christophcollenberg.de\/index.php?rest_route=%2Fwp%2Fv2%2Fcomments&post=1634"}],"version-history":[{"count":84,"href":"https:\/\/www.christophcollenberg.de\/index.php?rest_route=\/wp\/v2\/pages\/1634\/revisions"}],"predecessor-version":[{"id":3248,"href":"https:\/\/www.christophcollenberg.de\/index.php?rest_route=\/wp\/v2\/pages\/1634\/revisions\/3248"}],"wp:attachment":[{"href":"https:\/\/www.christophcollenberg.de\/index.php?rest_route=%2Fwp%2Fv2%2Fmedia&parent=1634"}],"curies":[{"name":"wp","href":"https:\/\/api.w.org\/{rel}","templated":true}]}}